{"id":797,"date":"2022-04-04T10:40:00","date_gmt":"2022-04-04T10:40:00","guid":{"rendered":"https:\/\/connoscoservice.com\/franca\/?page_id=797"},"modified":"2022-04-04T10:42:31","modified_gmt":"2022-04-04T10:42:31","slug":"termos-e-condicoes","status":"publish","type":"page","link":"https:\/\/connoscoservice.com\/franca\/termos-e-condicoes\/","title":{"rendered":"Termos e Condi\u00e7\u00f5es"},"content":{"rendered":"<p>[et_pb_section fb_built=&#8221;1&#8243; admin_label=&#8221;Header&#8221; _builder_version=&#8221;4.14.7&#8243; _module_preset=&#8221;default&#8221; use_background_color_gradient=&#8221;on&#8221; background_color_gradient_start=&#8221;#031a35&#8243; background_color_gradient_end=&#8221;rgba(0,0,0,0)&#8221; background_color_gradient_direction=&#8221;360deg&#8221; background_color_gradient_start_position=&#8221;1%&#8221; background_color_gradient_end_position=&#8221;57%&#8221; background_color_gradient_overlays_image=&#8221;on&#8221; background_image=&#8221;https:\/\/connoscoservice.com\/franca\/wp-content\/uploads\/2022\/02\/REPLACE-THIS-SCREEN11112111811-scaled.jpg&#8221; custom_padding=&#8221;55px||222px||false|false&#8221; global_colors_info=&#8221;{}&#8221;][\/et_pb_section][et_pb_section fb_built=&#8221;1&#8243; admin_label=&#8221;About&#8221; _builder_version=&#8221;4.14.7&#8243; _module_preset=&#8221;default&#8221; background_color=&#8221;#e0d9d1&#8243; custom_padding=&#8221;10px|||||&#8221; global_colors_info=&#8221;{}&#8221;][et_pb_row _builder_version=&#8221;4.14.2&#8243; _module_preset=&#8221;default&#8221; custom_margin=&#8221;24px|auto||auto||&#8221; global_colors_info=&#8221;{}&#8221;][et_pb_column type=&#8221;4_4&#8243; _builder_version=&#8221;4.14.2&#8243; _module_preset=&#8221;default&#8221; global_colors_info=&#8221;{}&#8221;][et_pb_text _builder_version=&#8221;4.14.7&#8243; _module_preset=&#8221;default&#8221; text_font=&#8221;LEARN|300|||||||&#8221; text_text_color=&#8221;#031a35&#8243; text_font_size=&#8221;39px&#8221; text_letter_spacing=&#8221;4px&#8221; text_line_height=&#8221;1.8em&#8221; global_colors_info=&#8221;{}&#8221;]<\/p>\n<p>Termos e Condi\u00e7\u00f5es<\/p>\n<p>[\/et_pb_text][et_pb_divider color=&#8221;rgba(3,26,53,0.09)&#8221; divider_weight=&#8221;5px&#8221; _builder_version=&#8221;4.14.7&#8243; _module_preset=&#8221;ce0e852d-65f7-4b50-97d9-c94701b6b484&#8243; max_width=&#8221;210px&#8221; module_alignment=&#8221;left&#8221; height=&#8221;5px&#8221; custom_margin=&#8221;-24px||30px||false|false&#8221; custom_margin_tablet=&#8221;-22px||||false|false&#8221; custom_margin_phone=&#8221;-18px||||false|false&#8221; custom_margin_last_edited=&#8221;on|phone&#8221; global_colors_info=&#8221;{}&#8221;][\/et_pb_divider][et_pb_text _builder_version=&#8221;4.14.7&#8243; _module_preset=&#8221;bc6cae60-9fd0-48b3-a032-f2876734c2dd&#8221; text_font=&#8221;LEARN||||||||&#8221; text_text_color=&#8221;#031a35&#8243; text_font_size=&#8221;13px&#8221; text_letter_spacing=&#8221;2px&#8221; text_line_height=&#8221;1.8em&#8221; text_orientation=&#8221;center&#8221; text_font_size_tablet=&#8221;16px&#8221; text_font_size_phone=&#8221;14px&#8221; text_font_size_last_edited=&#8221;on|phone&#8221; locked=&#8221;off&#8221; global_colors_info=&#8221;{}&#8221;]<\/p>\n<p style=\"text-align: justify;\">Prote\u00e7\u00e3o de dados<\/p>\n<p style=\"text-align: justify;\">O nosso site \u00e9 mantido e atualizado com a m\u00e1xima responsabilidade. Se os seus dados nos forem fornecidos para receber informa\u00e7\u00f5es ou mensagens sobre novos produtos e\/ou servi\u00e7os, utilizaremos esses dados, apenas e s\u00f3 para esse mesmo fim, respeitando tacitamente as leis vigentes sobre este aspeto.<\/p>\n<p style=\"text-align: justify;\">Copyrigths<\/p>\n<p style=\"text-align: justify;\">Todos os direitos reservados. O texto, imagens, gr\u00e1ficos, ficheiros de sons, ficheiros de anima\u00e7\u00e3o e v\u00eddeo existentes neste site est\u00e3o sujeitos \u00e0s disposi\u00e7\u00f5es legais aplic\u00e1veis \u00e0 prote\u00e7\u00e3o de direitos de autor e de propriedade intelectual. Estes elementos n\u00e3o podem ser copiados para uso comercial ou para distribui\u00e7\u00e3o, nem ser modificados ou reenviados para outros sites. Algumas \u00e1reas deste site podem conter material sujeito ao copyright dos fornecedores desse mesmo material.<\/p>\n<p style=\"text-align: justify;\">Pre\u00e7os<\/p>\n<p style=\"text-align: justify;\">Em caso de aparecimento, os pre\u00e7os constantes no site s\u00e3o meramente indicativos e podem ser alterados em qualquer momento, sem aviso pr\u00e9vio. Existindo a possibilidade de ocorr\u00eancia de inexatid\u00f5es e\/ou altera\u00e7\u00f5es, sugerimos sempre o contacto direto e personalizado com a nossa organiza\u00e7\u00e3o, para confirma\u00e7\u00e3o dos pre\u00e7os. Assim, a exibi\u00e7\u00e3o dos produtos\/servi\u00e7os e pre\u00e7os no site, n\u00e3o constitui portanto, qualquer proposta de contrato, mas antes uma informa\u00e7\u00e3o disponibilizada de cariz meramente informativo.<\/p>\n<p style=\"text-align: justify;\">Links<\/p>\n<p style=\"text-align: justify;\">Neste site poder\u00e1 encontrar links a outros sites. Chamamos a sua aten\u00e7\u00e3o para o facto de n\u00e3o termos qualquer influ\u00eancia nem responsabilidade sobre os conte\u00fados e design dos mesmos. Desse modo n\u00e3o nos poder\u00e3o ser imputadas responsabilidades sobre a atualiza\u00e7\u00e3o ou qualidade da informa\u00e7\u00e3o disponibilizada por esses mesmos sites.<\/p>\n<p style=\"text-align: justify;\">Marcas registadas<\/p>\n<p style=\"text-align: justify;\">Salvo esteja indicado em contr\u00e1rio, todas as marcas apresentadas neste site s\u00e3o marcas registadas, situa\u00e7\u00e3o que se aplica em particular aos nomes dos produtos\/servi\u00e7os e log\u00f3tipos corporativos.<\/p>\n<p style=\"text-align: justify;\">Licen\u00e7as<\/p>\n<p style=\"text-align: justify;\">Pretendemos disponibilizar um site informativo e inovador. Assim, esperamos que goste do design e conte\u00fados que disponibilizamos. Contudo a Connosco Service, e as marcas representadas t\u00eam de proteger os seus direitos de propriedade intelectual e industrial, incluindo as suas patentes, marcas registadas e direitos de autor. Em conformidade fica avisado que nem este site, nem qualquer material aqui contido confere de qualquer forma licen\u00e7a relativamente aos direitos de propriedade intelectual da Connosco Service ou de qualquer das marcas aqui referidas, n\u00e3o podendo ser responsabilizadas pelo uso indevido de qualquer informa\u00e7\u00e3o mencionada nos mesmos, com outro fim a n\u00e3o ser aquele a que se destina. Qualquer reprodu\u00e7\u00e3o, mesmo parcial, s\u00f3 ser\u00e1 permitida mediante autoriza\u00e7\u00e3o por escrito.<\/p>\n<p style=\"text-align: justify;\">Garantias sobre a informa\u00e7\u00e3o<\/p>\n<p style=\"text-align: justify;\">As informa\u00e7\u00f5es e indica\u00e7\u00f5es neste site n\u00e3o representam nenhuma garantia, expressa ou que se possa subentender. Em particular, n\u00e3o representam nenhuma promessa ou garantia impl\u00edcita em rela\u00e7\u00e3o aos pre\u00e7os, caracter\u00edsticas ou adequa\u00e7\u00e3o dos produtos\/servi\u00e7os \u00e0s necessidades espec\u00edficas dos seus utilizadores. Apesar de acreditarmos na sua exatid\u00e3o, os conte\u00fados podem conter erros ou imprecis\u00f5es. Reservado o direito a modifica\u00e7\u00f5es de pre\u00e7os, bem como de lapsos. Existindo a possibilidade de ocorr\u00eancia de inexatid\u00f5es e\/ou altera\u00e7\u00f5es, sugerimos sempre o contacto direto e personalizado com a nossa organiza\u00e7\u00e3o. Como os nossos an\u00fancios s\u00e3o publicados por rotina inform\u00e1tica, todos os dados carecem de confirma\u00e7\u00e3o junto da empresa vendedora. Uma vez que a informa\u00e7\u00e3o prestada n\u00e3o \u00e9 portanto, qualquer proposta de contrato, mas antes uma informa\u00e7\u00e3o disponibilizada de cariz meramente informativo.<\/p>\n<p style=\"text-align: justify;\">Uso do site Connosco Service<\/p>\n<p style=\"text-align: justify;\">Este site deve ser utilizado exclusivamente para seu uso pessoal. \u00c9 proibida a sua modifica\u00e7\u00e3o, reprodu\u00e7\u00e3o, duplica\u00e7\u00e3o, c\u00f3pia, distribui\u00e7\u00e3o, venda, revenda e outras formas de explora\u00e7\u00e3o, com fins comerciais ou n\u00e3o. Todos os direitos de propriedade intelectual sobre o site e os seus conte\u00fados s\u00e3o propriedade da Connosco Service, salvo indica\u00e7\u00e3o expressa em contr\u00e1rio. Compromete-se a n\u00e3o utilizar este site para fins ilegais ou proibidos.<\/p>\n<p>[\/et_pb_text][\/et_pb_column][\/et_pb_row][\/et_pb_section]<\/p>\n","protected":false},"excerpt":{"rendered":"<p>Termos e Condi\u00e7\u00f5esProte\u00e7\u00e3o de dados O nosso site \u00e9 mantido e atualizado com a m\u00e1xima responsabilidade. Se os seus dados nos forem fornecidos para receber informa\u00e7\u00f5es ou mensagens sobre novos produtos e\/ou servi\u00e7os, utilizaremos esses dados, apenas e s\u00f3 para esse mesmo fim, respeitando tacitamente as leis vigentes sobre este aspeto. Copyrigths Todos os direitos [&hellip;]<\/p>\n","protected":false},"author":1,"featured_media":0,"parent":0,"menu_order":0,"comment_status":"closed","ping_status":"closed","template":"","meta":{"_et_pb_use_builder":"on","_et_pb_old_content":"","_et_gb_content_width":"","footnotes":""},"class_list":["post-797","page","type-page","status-publish","hentry"],"_links":{"self":[{"href":"https:\/\/connoscoservice.com\/franca\/wp-json\/wp\/v2\/pages\/797","targetHints":{"allow":["GET"]}}],"collection":[{"href":"https:\/\/connoscoservice.com\/franca\/wp-json\/wp\/v2\/pages"}],"about":[{"href":"https:\/\/connoscoservice.com\/franca\/wp-json\/wp\/v2\/types\/page"}],"author":[{"embeddable":true,"href":"https:\/\/connoscoservice.com\/franca\/wp-json\/wp\/v2\/users\/1"}],"replies":[{"embeddable":true,"href":"https:\/\/connoscoservice.com\/franca\/wp-json\/wp\/v2\/comments?post=797"}],"version-history":[{"count":5,"href":"https:\/\/connoscoservice.com\/franca\/wp-json\/wp\/v2\/pages\/797\/revisions"}],"predecessor-version":[{"id":804,"href":"https:\/\/connoscoservice.com\/franca\/wp-json\/wp\/v2\/pages\/797\/revisions\/804"}],"wp:attachment":[{"href":"https:\/\/connoscoservice.com\/franca\/wp-json\/wp\/v2\/media?parent=797"}],"curies":[{"name":"wp","href":"https:\/\/api.w.org\/{rel}","templated":true}]}}