{"id":563,"date":"2022-03-17T11:47:31","date_gmt":"2022-03-17T11:47:31","guid":{"rendered":"https:\/\/connoscoservice.com\/suica\/?page_id=563"},"modified":"2022-09-16T17:28:05","modified_gmt":"2022-09-16T17:28:05","slug":"contactos","status":"publish","type":"page","link":"https:\/\/connoscoservice.com\/suica\/contactos\/","title":{"rendered":"Contactos"},"content":{"rendered":"<p>[et_pb_section fb_built=&#8221;1&#8243; admin_label=&#8221;Header&#8221; _builder_version=&#8221;4.16&#8243; _module_preset=&#8221;default&#8221; use_background_color_gradient=&#8221;on&#8221; background_color_gradient_direction=&#8221;250deg&#8221; background_color_gradient_stops=&#8221;rgba(3,26,53,0.43) 0%|rgba(0,0,0,0) 60%&#8221; background_color_gradient_overlays_image=&#8221;on&#8221; background_color_gradient_start=&#8221;rgba(3,26,53,0.43)&#8221; background_color_gradient_end=&#8221;rgba(0,0,0,0)&#8221; background_color_gradient_end_position=&#8221;60%&#8221; background_image=&#8221;https:\/\/connoscoservice.com\/suica\/wp-content\/uploads\/2022\/03\/scott-graham-OQMZwNd3ThU-unsplash-scaled.jpg&#8221; custom_padding=&#8221;9px||224px||false|false&#8221; global_colors_info=&#8221;{}&#8221;][et_pb_row use_custom_gutter=&#8221;on&#8221; gutter_width=&#8221;1&#8243; _builder_version=&#8221;4.16&#8243; _module_preset=&#8221;default&#8221; custom_margin=&#8221;48px|auto||auto||&#8221; custom_padding=&#8221;30px||0px||false|false&#8221; global_colors_info=&#8221;{}&#8221;][et_pb_column type=&#8221;4_4&#8243; _builder_version=&#8221;4.16&#8243; _module_preset=&#8221;default&#8221; global_colors_info=&#8221;{}&#8221;][et_pb_text disabled_on=&#8221;off|off|on&#8221; _builder_version=&#8221;4.16&#8243; _module_preset=&#8221;default&#8221; text_font=&#8221;LEARN|300|||||||&#8221; text_text_color=&#8221;#FFFFFF&#8221; text_font_size=&#8221;43px&#8221; text_letter_spacing=&#8221;4px&#8221; text_line_height=&#8221;1.8em&#8221; text_text_shadow_style=&#8221;preset1&#8243; text_text_shadow_color=&#8221;rgba(0,0,0,0.32)&#8221; global_colors_info=&#8221;{}&#8221;]<\/p>\n<p style=\"text-align: center;\">CONTACTOS<\/p>\n<p>[\/et_pb_text][et_pb_text disabled_on=&#8221;on|on|off&#8221; _builder_version=&#8221;4.16&#8243; _module_preset=&#8221;default&#8221; text_font=&#8221;LEARN|300|||||||&#8221; text_text_color=&#8221;#FFFFFF&#8221; text_font_size=&#8221;62px&#8221; text_letter_spacing=&#8221;4px&#8221; text_line_height=&#8221;1.8em&#8221; text_text_shadow_style=&#8221;preset1&#8243; text_text_shadow_color=&#8221;rgba(0,0,0,0.32)&#8221; global_colors_info=&#8221;{}&#8221;]<\/p>\n<p style=\"text-align: center;\">CONTACTOS<\/p>\n<p>[\/et_pb_text][et_pb_divider color=&#8221;rgba(255,255,255,0.24)&#8221; divider_weight=&#8221;5px&#8221; _builder_version=&#8221;4.16&#8243; _module_preset=&#8221;ce0e852d-65f7-4b50-97d9-c94701b6b484&#8243; max_width=&#8221;210px&#8221; module_alignment=&#8221;center&#8221; height=&#8221;5px&#8221; custom_margin=&#8221;-24px||30px||false|false&#8221; custom_margin_tablet=&#8221;-22px||||false|false&#8221; custom_margin_phone=&#8221;-18px||||false|false&#8221; custom_margin_last_edited=&#8221;on|phone&#8221; global_colors_info=&#8221;{}&#8221;][\/et_pb_divider][\/et_pb_column][\/et_pb_row][\/et_pb_section][et_pb_section fb_built=&#8221;1&#8243; admin_label=&#8221;Contact Info&#8221; _builder_version=&#8221;4.16&#8243; background_color=&#8221;#031a35&#8243; custom_padding=&#8221;19px||13px|||&#8221; global_colors_info=&#8221;{}&#8221;][et_pb_row column_structure=&#8221;1_3,1_3,1_3&#8243; use_custom_gutter=&#8221;on&#8221; gutter_width=&#8221;1&#8243; make_equal=&#8221;on&#8221; _builder_version=&#8221;4.16&#8243; _module_preset=&#8221;default&#8221; custom_margin_tablet=&#8221;-30px||||false|false&#8221; custom_margin_last_edited=&#8221;off|desktop&#8221; custom_padding=&#8221;0px||0px||true|false&#8221; locked=&#8221;off&#8221; global_colors_info=&#8221;{}&#8221;][et_pb_column type=&#8221;1_3&#8243; _builder_version=&#8221;4.16&#8243; _module_preset=&#8221;default&#8221; custom_padding=&#8221;60px|20px|60px|20px|true|true&#8221; custom_padding_tablet=&#8221;40px||40px||true|true&#8221; custom_padding_phone=&#8221;30px||30px||true|true&#8221; custom_padding_last_edited=&#8221;on|desktop&#8221; border_color_all=&#8221;#cccccc&#8221; border_style_all=&#8221;dashed&#8221; border_width_right=&#8221;1px&#8221; border_width_right_tablet=&#8221;0px&#8221; border_width_right_phone=&#8221;&#8221; border_width_right_last_edited=&#8221;on|tablet&#8221; global_colors_info=&#8221;{}&#8221;][et_pb_blurb title=&#8221;Email&#8221; use_icon=&#8221;on&#8221; font_icon=&#8221;&#xe076;||divi||400&#8243; icon_color=&#8221;#dbc2b3&#8243; image_icon_width=&#8221;30px&#8221; _builder_version=&#8221;4.16&#8243; _module_preset=&#8221;default&#8221; header_font=&#8221;|600||on|||||&#8221; header_text_color=&#8221;#FFFFFF&#8221; header_font_size=&#8221;14px&#8221; header_letter_spacing=&#8221;4px&#8221; header_line_height=&#8221;1.4em&#8221; body_font=&#8221;LEARN|500|||||||&#8221; body_text_color=&#8221;#FFFFFF&#8221; body_line_height=&#8221;1.6em&#8221; body_link_text_color=&#8221;#000000&#8243; text_orientation=&#8221;center&#8221; header_font_size_tablet=&#8221;18px&#8221; header_font_size_phone=&#8221;16px&#8221; header_font_size_last_edited=&#8221;on|phone&#8221; icon_font_size=&#8221;30px&#8221; locked=&#8221;off&#8221; global_colors_info=&#8221;{}&#8221;]<\/p>\n<p>suica@connoscoservice.com<\/p>\n<p>[\/et_pb_blurb][\/et_pb_column][et_pb_column type=&#8221;1_3&#8243; _builder_version=&#8221;4.16&#8243; _module_preset=&#8221;default&#8221; custom_padding=&#8221;60px|20px|60px|20px|true|true&#8221; custom_padding_tablet=&#8221;40px||40px||true|true&#8221; custom_padding_phone=&#8221;30px||30px||true|true&#8221; custom_padding_last_edited=&#8221;on|desktop&#8221; border_color_all=&#8221;#cccccc&#8221; border_style_all=&#8221;dashed&#8221; border_width_right=&#8221;1px&#8221; border_width_right_tablet=&#8221;0px&#8221; border_width_right_phone=&#8221;&#8221; border_width_right_last_edited=&#8221;on|tablet&#8221; global_colors_info=&#8221;{}&#8221;][et_pb_blurb title=&#8221;Telem\u00f3vel&#8221; use_icon=&#8221;on&#8221; font_icon=&#8221;&#xe090;||divi||400&#8243; icon_color=&#8221;#dbc2b3&#8243; image_icon_width=&#8221;30px&#8221; _builder_version=&#8221;4.18.0&#8243; _module_preset=&#8221;default&#8221; header_font=&#8221;|600||on|||||&#8221; header_text_color=&#8221;#FFFFFF&#8221; header_font_size=&#8221;14px&#8221; header_letter_spacing=&#8221;4px&#8221; header_line_height=&#8221;1.4em&#8221; body_font=&#8221;LEARN|500|||||||&#8221; body_text_color=&#8221;#FFFFFF&#8221; body_line_height=&#8221;1.6em&#8221; body_link_text_color=&#8221;#000000&#8243; text_orientation=&#8221;center&#8221; hover_enabled=&#8221;0&#8243; header_font_size_tablet=&#8221;18px&#8221; header_font_size_phone=&#8221;16px&#8221; header_font_size_last_edited=&#8221;on|phone&#8221; icon_font_size=&#8221;30px&#8221; locked=&#8221;off&#8221; global_colors_info=&#8221;{}&#8221; sticky_enabled=&#8221;0&#8243;]<\/p>\n<p><span style=\"color: #ffffff;\">+41 78 240 35 65<\/span><\/p>\n<p>[\/et_pb_blurb][\/et_pb_column][et_pb_column type=&#8221;1_3&#8243; _builder_version=&#8221;4.16&#8243; _module_preset=&#8221;default&#8221; custom_padding=&#8221;60px|20px|60px|20px|true|true&#8221; custom_padding_tablet=&#8221;40px||40px||true|true&#8221; custom_padding_phone=&#8221;30px||30px||true|true&#8221; custom_padding_last_edited=&#8221;on|desktop&#8221; border_color_all=&#8221;#cccccc&#8221; border_style_all=&#8221;dashed&#8221; border_width_right=&#8221;1px&#8221; border_width_right_tablet=&#8221;0px&#8221; border_width_right_phone=&#8221;&#8221; border_width_right_last_edited=&#8221;on|tablet&#8221; global_colors_info=&#8221;{}&#8221;][et_pb_blurb title=&#8221;Hor\u00e1rio&#8221; use_icon=&#8221;on&#8221; font_icon=&#8221;&#xe06b;||divi||400&#8243; icon_color=&#8221;#dbc2b3&#8243; image_icon_width=&#8221;30px&#8221; _builder_version=&#8221;4.16&#8243; _module_preset=&#8221;default&#8221; header_font=&#8221;|600||on|||||&#8221; header_text_color=&#8221;#FFFFFF&#8221; header_font_size=&#8221;14px&#8221; header_letter_spacing=&#8221;4px&#8221; header_line_height=&#8221;1.4em&#8221; body_font=&#8221;LEARN|500|||||||&#8221; body_text_color=&#8221;#FFFFFF&#8221; body_line_height=&#8221;1.6em&#8221; body_link_text_color=&#8221;#000000&#8243; text_orientation=&#8221;center&#8221; header_font_size_tablet=&#8221;18px&#8221; header_font_size_phone=&#8221;16px&#8221; header_font_size_last_edited=&#8221;on|phone&#8221; icon_font_size=&#8221;30px&#8221; global_colors_info=&#8221;{}&#8221;]<\/p>\n<p>Sob marca\u00e7\u00e3o<\/p>\n<p>[\/et_pb_blurb][\/et_pb_column][\/et_pb_row][\/et_pb_section][et_pb_section fb_built=&#8221;1&#8243; admin_label=&#8221;Workshops and Events Section&#8221; _builder_version=&#8221;4.16&#8243; background_color=&#8221;#e0d9d1&#8243; custom_padding=&#8221;0px||0px|&#8221; locked=&#8221;off&#8221; global_colors_info=&#8221;{}&#8221;][et_pb_row column_structure=&#8221;1_2,1_2&#8243; use_custom_gutter=&#8221;on&#8221; gutter_width=&#8221;0&#8243; make_equal=&#8221;on&#8221; admin_label=&#8221;Workshops and Events Area&#8221; module_class=&#8221; et_pb_row_fullwidth&#8221; _builder_version=&#8221;4.16&#8243; width=&#8221;100%&#8221; width_tablet=&#8221;100%&#8221; width_phone=&#8221;100%&#8221; width_last_edited=&#8221;on|desktop&#8221; max_width=&#8221;100%&#8221; max_width_tablet=&#8221;100%&#8221; max_width_phone=&#8221;100%&#8221; max_width_last_edited=&#8221;on|desktop&#8221; custom_margin=&#8221;|||&#8221; custom_padding=&#8221;0px||0px|&#8221; make_fullwidth=&#8221;on&#8221; global_colors_info=&#8221;{}&#8221;][et_pb_column type=&#8221;1_2&#8243; _builder_version=&#8221;4.16&#8243; background_enable_image=&#8221;off&#8221; parallax=&#8221;on&#8221; background_video_mp4=&#8221;https:\/\/connoscoservice.com\/suica\/wp-content\/uploads\/2022\/02\/close-up-hands-of-asian-business-working-at-the-of-2021-09-04-01-27-36-utc.mp4&#8243; custom_padding=&#8221;|||&#8221; global_colors_info=&#8221;{}&#8221; custom_padding__hover=&#8221;|||&#8221;][\/et_pb_column][et_pb_column type=&#8221;1_2&#8243; _builder_version=&#8221;4.16&#8243; background_color=&#8221;#e0d9d1&#8243; custom_padding=&#8221;10%|5%|10%|5%&#8221; global_colors_info=&#8221;{}&#8221; custom_padding__hover=&#8221;|||&#8221;][et_pb_text _builder_version=&#8221;4.16&#8243; _module_preset=&#8221;7262e956-c376-4aa6-9642-c413f71527d0&#8243; text_font=&#8221;LEARN|600||on|||||&#8221; text_text_color=&#8221;#031a35&#8243; text_font_size=&#8221;24px&#8221; text_letter_spacing=&#8221;2px&#8221; text_line_height=&#8221;1.8em&#8221; link_text_color=&#8221;#666666&#8243; custom_margin=&#8221;-2px||||false|false&#8221; custom_margin_tablet=&#8221;|||-60px|false|false&#8221; custom_margin_phone=&#8221;|||0px|false|false&#8221; custom_margin_last_edited=&#8221;off|desktop&#8221; header_font_size_tablet=&#8221;55px&#8221; header_font_size_last_edited=&#8221;off|desktop&#8221; locked=&#8221;off&#8221; inline_fonts=&#8221;LEARN&#8221; global_colors_info=&#8221;{}&#8221;]<\/p>\n<p>hoje \u00e9 um bom dia para conversarmos<\/p>\n<p>[\/et_pb_text][et_pb_contact_form email=&#8221;suica@connoscoservice.com&#8221; success_message=&#8221;Obrigado pelo contacto, seremos breves.&#8221; submit_button_text=&#8221;Enviar&#8221; _builder_version=&#8221;4.18.0&#8243; _module_preset=&#8221;default&#8221; _unique_id=&#8221;061b9517-ad55-472d-9084-67e4aff854a4&#8243; form_field_background_color=&#8221;#FFFFFF&#8221; form_field_text_color=&#8221;#031a35&#8243; custom_button=&#8221;on&#8221; button_text_color=&#8221;#FFFFFF&#8221; button_bg_color=&#8221;#031a35&#8243; button_border_width=&#8221;0px&#8221; save_entries_to_db=&#8221;off&#8221; attached_files_message=&#8221;Upload de ficheiros&#8221; files_container_background=&#8221;#FFFFFF&#8221; files_container_padding=&#8221;0px|0px|0px|0px|false|false&#8221; accepted_file_text_color=&#8221;RGBA(255,255,255,0)&#8221; file_button_size=&#8221;17px&#8221; global_module=&#8221;1023&#8243; saved_tabs=&#8221;all&#8221; locked=&#8221;off&#8221; global_colors_info=&#8221;{}&#8221;][et_pb_contact_field field_id=&#8221;Nome&#8221; field_title=&#8221;Nome&#8221; fullwidth_field=&#8221;on&#8221; _builder_version=&#8221;4.18.0&#8243; global_colors_info=&#8221;{}&#8221; button_text_size__hover_enabled=&#8221;off&#8221; button_one_text_size__hover_enabled=&#8221;off&#8221; button_two_text_size__hover_enabled=&#8221;off&#8221; button_text_color__hover_enabled=&#8221;off&#8221; button_one_text_color__hover_enabled=&#8221;off&#8221; button_two_text_color__hover_enabled=&#8221;off&#8221; button_border_width__hover_enabled=&#8221;off&#8221; button_one_border_width__hover_enabled=&#8221;off&#8221; button_two_border_width__hover_enabled=&#8221;off&#8221; button_border_color__hover_enabled=&#8221;off&#8221; button_one_border_color__hover_enabled=&#8221;off&#8221; button_two_border_color__hover_enabled=&#8221;off&#8221; button_border_radius__hover_enabled=&#8221;off&#8221; button_one_border_radius__hover_enabled=&#8221;off&#8221; button_two_border_radius__hover_enabled=&#8221;off&#8221; button_letter_spacing__hover_enabled=&#8221;off&#8221; button_one_letter_spacing__hover_enabled=&#8221;off&#8221; button_two_letter_spacing__hover_enabled=&#8221;off&#8221; button_bg_color__hover_enabled=&#8221;off&#8221; button_one_bg_color__hover_enabled=&#8221;off&#8221; button_two_bg_color__hover_enabled=&#8221;off&#8221;][\/et_pb_contact_field][et_pb_contact_field field_id=&#8221;Email&#8221; field_title=&#8221;Email&#8221; field_type=&#8221;email&#8221; _builder_version=&#8221;4.18.0&#8243; global_colors_info=&#8221;{}&#8221; button_text_size__hover_enabled=&#8221;off&#8221; button_one_text_size__hover_enabled=&#8221;off&#8221; button_two_text_size__hover_enabled=&#8221;off&#8221; button_text_color__hover_enabled=&#8221;off&#8221; button_one_text_color__hover_enabled=&#8221;off&#8221; button_two_text_color__hover_enabled=&#8221;off&#8221; button_border_width__hover_enabled=&#8221;off&#8221; button_one_border_width__hover_enabled=&#8221;off&#8221; button_two_border_width__hover_enabled=&#8221;off&#8221; button_border_color__hover_enabled=&#8221;off&#8221; button_one_border_color__hover_enabled=&#8221;off&#8221; button_two_border_color__hover_enabled=&#8221;off&#8221; button_border_radius__hover_enabled=&#8221;off&#8221; button_one_border_radius__hover_enabled=&#8221;off&#8221; button_two_border_radius__hover_enabled=&#8221;off&#8221; button_letter_spacing__hover_enabled=&#8221;off&#8221; button_one_letter_spacing__hover_enabled=&#8221;off&#8221; button_two_letter_spacing__hover_enabled=&#8221;off&#8221; button_bg_color__hover_enabled=&#8221;off&#8221; button_one_bg_color__hover_enabled=&#8221;off&#8221; button_two_bg_color__hover_enabled=&#8221;off&#8221;][\/et_pb_contact_field][et_pb_contact_field field_id=&#8221;Contacto_fixo_ou_m\u00f3vel&#8221; field_title=&#8221;Contacto fixo ou m\u00f3vel&#8221; _builder_version=&#8221;4.18.0&#8243; global_colors_info=&#8221;{}&#8221; button_text_size__hover_enabled=&#8221;off&#8221; button_one_text_size__hover_enabled=&#8221;off&#8221; button_two_text_size__hover_enabled=&#8221;off&#8221; button_text_color__hover_enabled=&#8221;off&#8221; button_one_text_color__hover_enabled=&#8221;off&#8221; button_two_text_color__hover_enabled=&#8221;off&#8221; button_border_width__hover_enabled=&#8221;off&#8221; button_one_border_width__hover_enabled=&#8221;off&#8221; button_two_border_width__hover_enabled=&#8221;off&#8221; button_border_color__hover_enabled=&#8221;off&#8221; button_one_border_color__hover_enabled=&#8221;off&#8221; button_two_border_color__hover_enabled=&#8221;off&#8221; button_border_radius__hover_enabled=&#8221;off&#8221; button_one_border_radius__hover_enabled=&#8221;off&#8221; button_two_border_radius__hover_enabled=&#8221;off&#8221; button_letter_spacing__hover_enabled=&#8221;off&#8221; button_one_letter_spacing__hover_enabled=&#8221;off&#8221; button_two_letter_spacing__hover_enabled=&#8221;off&#8221; button_bg_color__hover_enabled=&#8221;off&#8221; button_one_bg_color__hover_enabled=&#8221;off&#8221; button_two_bg_color__hover_enabled=&#8221;off&#8221;][\/et_pb_contact_field][et_pb_contact_field field_id=&#8221;Upload_de_ficheiro&#8221; field_title=&#8221;Upload de ficheiros&#8221; required_mark=&#8221;off&#8221; fullwidth_field=&#8221;on&#8221; _builder_version=&#8221;4.18.0&#8243; custom_margin=&#8221;||||false|false&#8221; custom_padding=&#8221;||||false|false&#8221; use_field_placeholder=&#8221;on&#8221; field_description_location=&#8221;above&#8221; use_file_upload=&#8221;on&#8221; file_size=&#8221;20 000&#8243; files_limit=&#8221;7&#8243; file_mime=&#8221;on|off|on|off|off|off|off|off|off|off|off|off|off|off|off|off|off|off|off|off|off|off|off|off|off|off|off|off|off|off|off|off|off|off|off|off|off|off|off|off|off|off|off|off|on|off|off|off|off|off|off|off|off|off|off|off|off|off|off|off|off|off|off|off|off|off|off|off|off|off|off|off|off|off|off|off|off|off|off|off|off|off|off|off|off|off|off|off|off|off|off|off&#8221; global_colors_info=&#8221;{}&#8221; button_text_size__hover_enabled=&#8221;off&#8221; button_one_text_size__hover_enabled=&#8221;off&#8221; button_two_text_size__hover_enabled=&#8221;off&#8221; button_text_color__hover_enabled=&#8221;off&#8221; button_one_text_color__hover_enabled=&#8221;off&#8221; button_two_text_color__hover_enabled=&#8221;off&#8221; button_border_width__hover_enabled=&#8221;off&#8221; button_one_border_width__hover_enabled=&#8221;off&#8221; button_two_border_width__hover_enabled=&#8221;off&#8221; button_border_color__hover_enabled=&#8221;off&#8221; button_one_border_color__hover_enabled=&#8221;off&#8221; button_two_border_color__hover_enabled=&#8221;off&#8221; button_border_radius__hover_enabled=&#8221;off&#8221; button_one_border_radius__hover_enabled=&#8221;off&#8221; button_two_border_radius__hover_enabled=&#8221;off&#8221; button_letter_spacing__hover_enabled=&#8221;off&#8221; button_one_letter_spacing__hover_enabled=&#8221;off&#8221; button_two_letter_spacing__hover_enabled=&#8221;off&#8221; button_bg_color__hover_enabled=&#8221;off&#8221; button_one_bg_color__hover_enabled=&#8221;off&#8221; button_two_bg_color__hover_enabled=&#8221;off&#8221;][\/et_pb_contact_field][et_pb_contact_field field_id=&#8221;Mensagem&#8221; field_title=&#8221;Mensagem&#8221; field_type=&#8221;text&#8221; required_mark=&#8221;off&#8221; fullwidth_field=&#8221;on&#8221; _builder_version=&#8221;4.18.0&#8243; global_colors_info=&#8221;{}&#8221; button_text_size__hover_enabled=&#8221;off&#8221; button_one_text_size__hover_enabled=&#8221;off&#8221; button_two_text_size__hover_enabled=&#8221;off&#8221; button_text_color__hover_enabled=&#8221;off&#8221; button_one_text_color__hover_enabled=&#8221;off&#8221; button_two_text_color__hover_enabled=&#8221;off&#8221; button_border_width__hover_enabled=&#8221;off&#8221; button_one_border_width__hover_enabled=&#8221;off&#8221; button_two_border_width__hover_enabled=&#8221;off&#8221; button_border_color__hover_enabled=&#8221;off&#8221; button_one_border_color__hover_enabled=&#8221;off&#8221; button_two_border_color__hover_enabled=&#8221;off&#8221; button_border_radius__hover_enabled=&#8221;off&#8221; button_one_border_radius__hover_enabled=&#8221;off&#8221; button_two_border_radius__hover_enabled=&#8221;off&#8221; button_letter_spacing__hover_enabled=&#8221;off&#8221; button_one_letter_spacing__hover_enabled=&#8221;off&#8221; button_two_letter_spacing__hover_enabled=&#8221;off&#8221; button_bg_color__hover_enabled=&#8221;off&#8221; button_one_bg_color__hover_enabled=&#8221;off&#8221; button_two_bg_color__hover_enabled=&#8221;off&#8221;][\/et_pb_contact_field][\/et_pb_contact_form][\/et_pb_column][\/et_pb_row][\/et_pb_section]<\/p>\n","protected":false},"excerpt":{"rendered":"<p>CONTACTOSCONTACTOSsuica@connoscoservice.com+41 78 240 35 65Sob marca\u00e7\u00e3ohoje \u00e9 um bom dia para conversarmos<\/p>\n","protected":false},"author":1,"featured_media":0,"parent":0,"menu_order":0,"comment_status":"closed","ping_status":"closed","template":"","meta":{"_et_pb_use_builder":"on","_et_pb_old_content":"","_et_gb_content_width":"","footnotes":""},"class_list":["post-563","page","type-page","status-publish","hentry"],"_links":{"self":[{"href":"https:\/\/connoscoservice.com\/suica\/wp-json\/wp\/v2\/pages\/563","targetHints":{"allow":["GET"]}}],"collection":[{"href":"https:\/\/connoscoservice.com\/suica\/wp-json\/wp\/v2\/pages"}],"about":[{"href":"https:\/\/connoscoservice.com\/suica\/wp-json\/wp\/v2\/types\/page"}],"author":[{"embeddable":true,"href":"https:\/\/connoscoservice.com\/suica\/wp-json\/wp\/v2\/users\/1"}],"replies":[{"embeddable":true,"href":"https:\/\/connoscoservice.com\/suica\/wp-json\/wp\/v2\/comments?post=563"}],"version-history":[{"count":23,"href":"https:\/\/connoscoservice.com\/suica\/wp-json\/wp\/v2\/pages\/563\/revisions"}],"predecessor-version":[{"id":1046,"href":"https:\/\/connoscoservice.com\/suica\/wp-json\/wp\/v2\/pages\/563\/revisions\/1046"}],"wp:attachment":[{"href":"https:\/\/connoscoservice.com\/suica\/wp-json\/wp\/v2\/media?parent=563"}],"curies":[{"name":"wp","href":"https:\/\/api.w.org\/{rel}","templated":true}]}}